{"id":1815,"date":"2021-12-11T17:44:19","date_gmt":"2021-12-11T17:44:19","guid":{"rendered":"https:\/\/colgp.it\/sustainability-2\/"},"modified":"2025-05-12T08:43:57","modified_gmt":"2025-05-12T08:43:57","slug":"sustainability-2","status":"publish","type":"page","link":"https:\/\/colgp.it\/it\/sustainability-2\/","title":{"rendered":"Sostenibilit\u00e0"},"content":{"rendered":"<p>[et_pb_section fb_built=&#8221;1&#8243; fullwidth=&#8221;on&#8221; _builder_version=&#8221;4.16&#8243; _module_preset=&#8221;default&#8221; custom_margin=&#8221;0px|0px|0px|0px|false|false&#8221; custom_padding=&#8221;0px|0px|0px|0px|false|false&#8221; da_disable_devices=&#8221;off|off|off&#8221; global_colors_info=&#8221;{}&#8221; da_is_popup=&#8221;off&#8221; da_exit_intent=&#8221;off&#8221; da_has_close=&#8221;on&#8221; da_alt_close=&#8221;off&#8221; da_dark_close=&#8221;off&#8221; da_not_modal=&#8221;on&#8221; da_is_singular=&#8221;off&#8221; da_with_loader=&#8221;off&#8221; da_has_shadow=&#8221;on&#8221;][et_pb_fullwidth_slider _builder_version=&#8221;4.16&#8243; _module_preset=&#8221;default&#8221; module_alignment=&#8221;left&#8221; content_width=&#8221;100%&#8221; custom_margin=&#8221;0px||||false|false&#8221; custom_padding=&#8221;0px||0px||false|false&#8221; animation_style=&#8221;slide&#8221; animation_direction=&#8221;top&#8221; auto=&#8221;on&#8221; auto_speed=&#8221;5000&#8243; global_colors_info=&#8221;{}&#8221;][et_pb_slide heading=&#8221;SOSTENIBILITA'&#8221; _builder_version=&#8221;4.16&#8243; _module_preset=&#8221;default&#8221; header_level=&#8221;h1&#8243; header_font=&#8221;Barlow|700|||||||&#8221; header_text_align=&#8221;left&#8221; header_font_size=&#8221;50px&#8221; background_enable_color=&#8221;off&#8221; background_image=&#8221;http:\/\/colgp.it\/wp-content\/uploads\/2021\/12\/sustainability.jpg&#8221; background_enable_image=&#8221;on&#8221; text_orientation=&#8221;left&#8221; custom_padding=&#8221;5vw||5vw||true|false&#8221; global_colors_info=&#8221;{}&#8221; sticky_transition=&#8221;on&#8221;][\/et_pb_slide][\/et_pb_fullwidth_slider][\/et_pb_section][et_pb_section fb_built=&#8221;1&#8243; _builder_version=&#8221;4.16&#8243; _module_preset=&#8221;default&#8221; custom_padding=&#8221;64px||64px||true|&#8221; da_disable_devices=&#8221;off|off|off&#8221; global_colors_info=&#8221;{}&#8221; da_is_popup=&#8221;off&#8221; da_exit_intent=&#8221;off&#8221; da_has_close=&#8221;on&#8221; da_alt_close=&#8221;off&#8221; da_dark_close=&#8221;off&#8221; da_not_modal=&#8221;on&#8221; da_is_singular=&#8221;off&#8221; da_with_loader=&#8221;off&#8221; da_has_shadow=&#8221;on&#8221;][et_pb_row column_structure=&#8221;1_2,1_2&#8243; _builder_version=&#8221;4.16&#8243; _module_preset=&#8221;default&#8221; custom_padding=&#8221;0px||64px|||&#8221; global_colors_info=&#8221;{}&#8221;][et_pb_column type=&#8221;1_2&#8243; _builder_version=&#8221;4.16&#8243; _module_preset=&#8221;default&#8221; global_colors_info=&#8221;{}&#8221;][et_pb_text _builder_version=&#8221;4.16&#8243; _module_preset=&#8221;default&#8221; animation_style=&#8221;fade&#8221; global_colors_info=&#8221;{}&#8221;]<\/p>\n<h2 class=\"p1\" style=\"text-align: left;\"><span class=\"s1\">Guidare la trasformazione della sostenibilit\u00e0<\/span><\/h2>\n<p>[\/et_pb_text][et_pb_text _builder_version=&#8221;4.20.1&#8243; _module_preset=&#8221;default&#8221; animation_style=&#8221;slide&#8221; animation_direction=&#8221;left&#8221; global_colors_info=&#8221;{}&#8221;]<\/p>\n<p class=\"p1\"><span class=\"s1\">COL GROUP si pone l&#8217;obiettivo di guidare la transizione energetica del settore nel prossimo decennio. Stiamo lavorando per un futuro sostenibile del nostro pianeta e per il successo a lungo termine dei nostri clienti, sempre pronti con nuove soluzioni tecnologiche in continuo sviluppo. La nostra strategia per il 2030 consiste nell\u2019essere leader con soluzioni di economia circolare a basse emissioni di carbonio e migliorare la sostenibilit\u00e0 dell\u2019intero processo, dalla ricerca all\u2019efficienza dei prodotti passando dalla catena di produzione.<\/span><\/p>\n<p><span style=\"color: #363636;\"><span style=\"font-family: Barlow, serif;\"><span style=\"font-size: large;\">Come parte dei suoi obiettivi di sostenibilit\u00e0, il GRUPPO COL ha ricevuto la pi\u00f9 innovativa certificazione per la Dichiarazione Ambientale di Prodotto (EPD). Questa importante certificazione analizza l&#8217;intero ciclo di vita dei nostri principali prodotti dalla materia prima allo smaltimento. \u00c8 sicuramente l&#8217;investimento giusto per un continuo miglioramento volto a proteggere l&#8217;azienda, le persone e il pianeta. Per noi \u00e8 fondamentale incorporare la sostenibilit\u00e0 in tutto ci\u00f2 che facciamo.<\/span><\/span><\/span><\/p>\n<p>[\/et_pb_text][\/et_pb_column][et_pb_column type=&#8221;1_2&#8243; _builder_version=&#8221;4.16&#8243; _module_preset=&#8221;default&#8221; global_colors_info=&#8221;{}&#8221;][et_pb_image src=&#8221;http:\/\/colgp.it\/wp-content\/uploads\/2021\/12\/img_sustainability_02.jpg&#8221; title_text=&#8221;img_sustainability_02&#8243; _builder_version=&#8221;4.16&#8243; _module_preset=&#8221;default&#8221; animation_style=&#8221;slide&#8221; animation_direction=&#8221;right&#8221; global_colors_info=&#8221;{}&#8221;][\/et_pb_image][\/et_pb_column][\/et_pb_row][et_pb_row column_structure=&#8221;1_2,1_2&#8243; _builder_version=&#8221;4.16&#8243; _module_preset=&#8221;default&#8221; custom_padding=&#8221;0px||0px|||&#8221; global_colors_info=&#8221;{}&#8221;][et_pb_column type=&#8221;1_2&#8243; _builder_version=&#8221;4.16&#8243; _module_preset=&#8221;default&#8221; global_colors_info=&#8221;{}&#8221;][et_pb_text _builder_version=&#8221;4.16&#8243; _module_preset=&#8221;default&#8221; animation_style=&#8221;fade&#8221; global_colors_info=&#8221;{}&#8221;]<\/p>\n<h3 class=\"p1\" style=\"text-align: left;\"><span class=\"s1\">Il nostro impegno per la sostenibilit\u00e0<\/span><\/h3>\n<p>[\/et_pb_text][et_pb_text _builder_version=&#8221;4.16&#8243; _module_preset=&#8221;default&#8221; animation_style=&#8221;slide&#8221; animation_direction=&#8221;bottom&#8221; global_colors_info=&#8221;{}&#8221;]<\/p>\n<p class=\"p1\"><span class=\"s1\">In COL lavoriamo da anni per ridurre l&#8217;impatto ambientale, ad esempio i nostri siti principali di Torino e Catania coprono l&#8217;intero fabbisogno energetico con energia fotovoltaica e ci impegniamo ad acquistare energia verde certificata. Ora stiamo accelerando i nostri sforzi, perseguendo l&#8217;ambizione di creare una comunit\u00e0 energetica rinnovabile (CER) in entrambi i siti &#8211; e in collaborazione con uno dei nostri clienti italiani stiamo sviluppando un&#8217;innovazione rivoluzionaria per controllare al meglio la trasmissione dell&#8217;energia da remoto, in modo da aumentare la qualit\u00e0, ridurre gli sprechi energetici e generare un enorme beneficio per il nostro ambiente.<span class=\"Apple-converted-space\"> <\/span><\/span><\/p>\n<p class=\"p2\"><span class=\"s1\">I nostri sistemi contribuiscono all\u2019integrazione della produzione di energia da fonti rinnovabili, proponendo soluzioni ai problemi legati alla qualit\u00e0 nella distribuzione, in una visione di comunit\u00e0 e condivisione energetica. Anche il nostro lavoro di sostenibilit\u00e0 sta diventando sempre pi\u00f9 olistico, a partire dalla progettazione dei componenti integriamo temi importanti come il riutilizzo e la riduzione delle materie prime, in particolare per le cosiddette terre rare.<\/span><\/p>\n<p>[\/et_pb_text][\/et_pb_column][et_pb_column type=&#8221;1_2&#8243; _builder_version=&#8221;4.16&#8243; _module_preset=&#8221;default&#8221; global_colors_info=&#8221;{}&#8221;][et_pb_text _builder_version=&#8221;4.16&#8243; _module_preset=&#8221;default&#8221; animation_style=&#8221;fade&#8221; animation_delay=&#8221;100ms&#8221; global_colors_info=&#8221;{}&#8221;]<\/p>\n<h3 class=\"p1\" style=\"text-align: left;\"><span class=\"s1\"> Collaborare per una societ\u00e0 a basse emissioni di carbonio <\/span><\/h3>\n<p>[\/et_pb_text][et_pb_text _builder_version=&#8221;4.16&#8243; _module_preset=&#8221;default&#8221; animation_style=&#8221;slide&#8221; animation_direction=&#8221;bottom&#8221; animation_delay=&#8221;150ms&#8221; global_colors_info=&#8221;{}&#8221;]<\/p>\n<p>Contribuiamo a un&#8217;economia a basse emissioni sforzandoci di ridurre al minimo l&#8217;impatto lungo tutta la nostra catena produttiva, dalla ricerca e sviluppo all\u2019ottimizzazione delle nostre operazioni, servizi e soluzioni proposte alle vostre necessit\u00e0. Le partnership sono essenziali per realizzare questa ambizione e promuovere l&#8217;approvvigionamento responsabile, il riciclo e l\u2019economia circolare.<\/p>\n<p><span style=\"color: #295236;\"><strong> I nostri obiettivi climatici prevedono il raggiungimento di emissioni nette di gas serra pari a zero entro il 2030.<\/strong><\/span><\/p>\n<p>[\/et_pb_text][\/et_pb_column][\/et_pb_row][et_pb_row _builder_version=&#8221;4.27.4&#8243; _module_preset=&#8221;default&#8221; hover_enabled=&#8221;0&#8243; locked=&#8221;off&#8221; global_colors_info=&#8221;{}&#8221; column_structure=&#8221;1_4,1_4,1_4,1_4&#8243; sticky_enabled=&#8221;0&#8243;][et_pb_column type=&#8221;1_4&#8243; _builder_version=&#8221;4.22.1&#8243; _module_preset=&#8221;default&#8221; global_colors_info=&#8221;{}&#8221;][\/et_pb_column][et_pb_column type=&#8221;1_4&#8243; _builder_version=&#8221;4.22.1&#8243; _module_preset=&#8221;default&#8221; global_colors_info=&#8221;{}&#8221;][et_pb_button button_url=&#8221;https:\/\/colgp.it\/wp-content\/uploads\/2024\/03\/Rapporto-sostenibilita-2023_compressed.pdf&#8221; url_new_window=&#8221;on&#8221; button_text=&#8221;Rapporto Sostenibilit\u00e0 2023&#8243; button_alignment=&#8221;center&#8221; _builder_version=&#8221;4.27.4&#8243; _module_preset=&#8221;default&#8221; custom_button=&#8221;on&#8221; button_text_size=&#8221;18px&#8221; button_border_width=&#8221;0px&#8221; button_border_radius=&#8221;4px&#8221; button_letter_spacing=&#8221;0px&#8221; button_icon=&#8221;&#x3d;||divi||400&#8243; button_icon_color=&#8221;#ffffff&#8221; button_on_hover=&#8221;off&#8221; background_layout=&#8221;dark&#8221; custom_margin=&#8221;0px|0px|19px|0px|false|false&#8221; custom_padding=&#8221;10px|30px|10px|10px|false|false&#8221; hover_enabled=&#8221;0&#8243; locked=&#8221;off&#8221; global_colors_info=&#8221;{}&#8221; sticky_enabled=&#8221;0&#8243;][\/et_pb_button][\/et_pb_column][et_pb_column type=&#8221;1_4&#8243; _builder_version=&#8221;4.22.1&#8243; _module_preset=&#8221;default&#8221; global_colors_info=&#8221;{}&#8221;][et_pb_button button_url=&#8221;https:\/\/colgp.it\/wp-content\/uploads\/2025\/05\/Report_di_Sostenibilita_2024.pdf&#8221; url_new_window=&#8221;on&#8221; button_text=&#8221;Rapporto Sostenibilit\u00e0 2024&#8243; button_alignment=&#8221;center&#8221; _builder_version=&#8221;4.27.4&#8243; _module_preset=&#8221;default&#8221; custom_button=&#8221;on&#8221; button_text_size=&#8221;18px&#8221; button_border_width=&#8221;0px&#8221; button_border_radius=&#8221;4px&#8221; button_letter_spacing=&#8221;0px&#8221; button_icon=&#8221;&#x3d;||divi||400&#8243; button_icon_color=&#8221;#ffffff&#8221; button_on_hover=&#8221;off&#8221; background_layout=&#8221;dark&#8221; custom_margin=&#8221;0px|0px|19px|0px|false|false&#8221; custom_padding=&#8221;10px|30px|10px|10px|false|false&#8221; hover_enabled=&#8221;0&#8243; locked=&#8221;off&#8221; global_colors_info=&#8221;{}&#8221; sticky_enabled=&#8221;0&#8243;][\/et_pb_button][\/et_pb_column][et_pb_column type=&#8221;1_4&#8243; _builder_version=&#8221;4.22.1&#8243; _module_preset=&#8221;default&#8221; global_colors_info=&#8221;{}&#8221;][\/et_pb_column][\/et_pb_row][\/et_pb_section]<\/p>\n","protected":false},"excerpt":{"rendered":"<p>Guidare la trasformazione della sostenibilit\u00e0COL GROUP si pone l&#8217;obiettivo di guidare la transizione energetica del settore nel prossimo decennio. Stiamo lavorando per un futuro sostenibile del nostro pianeta e per il successo a lungo termine dei nostri clienti, sempre pronti con nuove soluzioni tecnologiche in continuo sviluppo. La nostra strategia per il 2030 consiste nell\u2019essere [&hellip;]<\/p>\n","protected":false},"author":2,"featured_media":0,"parent":0,"menu_order":0,"comment_status":"closed","ping_status":"closed","template":"","meta":{"_et_pb_use_builder":"on","_et_pb_old_content":"","_et_gb_content_width":"","footnotes":""},"class_list":["post-1815","page","type-page","status-publish","hentry"],"_links":{"self":[{"href":"https:\/\/colgp.it\/it\/wp-json\/wp\/v2\/pages\/1815","targetHints":{"allow":["GET"]}}],"collection":[{"href":"https:\/\/colgp.it\/it\/wp-json\/wp\/v2\/pages"}],"about":[{"href":"https:\/\/colgp.it\/it\/wp-json\/wp\/v2\/types\/page"}],"author":[{"embeddable":true,"href":"https:\/\/colgp.it\/it\/wp-json\/wp\/v2\/users\/2"}],"replies":[{"embeddable":true,"href":"https:\/\/colgp.it\/it\/wp-json\/wp\/v2\/comments?post=1815"}],"version-history":[{"count":12,"href":"https:\/\/colgp.it\/it\/wp-json\/wp\/v2\/pages\/1815\/revisions"}],"predecessor-version":[{"id":3995,"href":"https:\/\/colgp.it\/it\/wp-json\/wp\/v2\/pages\/1815\/revisions\/3995"}],"wp:attachment":[{"href":"https:\/\/colgp.it\/it\/wp-json\/wp\/v2\/media?parent=1815"}],"curies":[{"name":"wp","href":"https:\/\/api.w.org\/{rel}","templated":true}]}}