{"id":1886,"date":"2021-11-29T17:37:14","date_gmt":"2021-11-29T17:37:14","guid":{"rendered":"https:\/\/colgp.it\/la-tua-idea\/"},"modified":"2022-03-01T16:01:11","modified_gmt":"2022-03-01T16:01:11","slug":"la-tua-invenzione","status":"publish","type":"page","link":"https:\/\/colgp.it\/it\/la-tua-invenzione\/","title":{"rendered":"La tua invenzione"},"content":{"rendered":"<p>[et_pb_section fb_built=&#8221;1&#8243; fullwidth=&#8221;on&#8221; _builder_version=&#8221;4.14.1&#8243; _module_preset=&#8221;default&#8221; custom_margin=&#8221;0px|0px|0px|0px|false|false&#8221; custom_padding=&#8221;0px|0px|0px|0px|false|false&#8221; global_colors_info=&#8221;{}&#8221; da_is_popup=&#8221;off&#8221; da_exit_intent=&#8221;off&#8221; da_has_close=&#8221;on&#8221; da_alt_close=&#8221;off&#8221; da_dark_close=&#8221;off&#8221; da_not_modal=&#8221;on&#8221; da_is_singular=&#8221;off&#8221; da_with_loader=&#8221;off&#8221; da_has_shadow=&#8221;on&#8221; da_disable_devices=&#8221;off|off|off&#8221;][et_pb_fullwidth_slider _builder_version=&#8221;4.14.1&#8243; _module_preset=&#8221;default&#8221; module_alignment=&#8221;left&#8221; content_width=&#8221;100%&#8221; custom_margin=&#8221;0px||||false|false&#8221; custom_padding=&#8221;0px||0px||false|false&#8221; animation_style=&#8221;slide&#8221; animation_direction=&#8221;top&#8221; auto=&#8221;on&#8221; auto_speed=&#8221;5000&#8243; global_colors_info=&#8221;{}&#8221;][et_pb_slide heading=&#8221;CONDIVIDI UN&#8217;IDEA INNOVATIVA&#8221; _builder_version=&#8221;4.14.1&#8243; _module_preset=&#8221;default&#8221; header_level=&#8221;h1&#8243; header_font=&#8221;Barlow|700|||||||&#8221; header_text_align=&#8221;left&#8221; header_font_size=&#8221;50px&#8221; background_enable_color=&#8221;off&#8221; background_image=&#8221;http:\/\/colgp.it\/wp-content\/uploads\/2021\/11\/banner_vision_02.jpg&#8221; background_enable_image=&#8221;on&#8221; text_orientation=&#8221;left&#8221; custom_padding=&#8221;5vw||5vw||true|false&#8221; global_colors_info=&#8221;{}&#8221; sticky_transition=&#8221;on&#8221;][\/et_pb_slide][\/et_pb_fullwidth_slider][\/et_pb_section][et_pb_section fb_built=&#8221;1&#8243; _builder_version=&#8221;4.14.1&#8243; _module_preset=&#8221;default&#8221; custom_padding=&#8221;64px||0px||false|false&#8221; global_colors_info=&#8221;{}&#8221; da_is_popup=&#8221;off&#8221; da_exit_intent=&#8221;off&#8221; da_has_close=&#8221;on&#8221; da_alt_close=&#8221;off&#8221; da_dark_close=&#8221;off&#8221; da_not_modal=&#8221;on&#8221; da_is_singular=&#8221;off&#8221; da_with_loader=&#8221;off&#8221; da_has_shadow=&#8221;on&#8221; da_disable_devices=&#8221;off|off|off&#8221;][et_pb_row _builder_version=&#8221;4.14.1&#8243; _module_preset=&#8221;default&#8221; custom_padding=&#8221;0px|||||&#8221; global_colors_info=&#8221;{}&#8221;][et_pb_column type=&#8221;4_4&#8243; _builder_version=&#8221;4.14.1&#8243; _module_preset=&#8221;default&#8221; global_colors_info=&#8221;{}&#8221;][et_pb_text _builder_version=&#8221;4.14.7&#8243; _module_preset=&#8221;default&#8221; animation_direction=&#8221;top&#8221; hover_enabled=&#8221;0&#8243; global_colors_info=&#8221;{}&#8221; sticky_enabled=&#8221;0&#8243;]<\/p>\n<p>Grazie per aver pensato a COL GROUP quando si parla di innovazione. Anche se impieghiamo un numero significativo di ingegneri nell\u2019area sviluppo che sono ben formati ed esperti nella sicurezza energetica e nella trasmissione e distribuzione, diamo sempre il benvenuto a nuove idee e tecnologie.<\/p>\n<p>Come ci si potrebbe aspettare, riceviamo molte proposte ogni anno. Cerchiamo partner che abbiano gi\u00e0 brevettato le loro idee e che abbiano idee che siano al di sopra di ci\u00f2 che viene gi\u00e0 creato dagli innovatori esperti di COL GROUP.<\/p>\n<p>Il brevetto \u00e8 importante per assicurare che la tua idea non sia stata gi\u00e0 sviluppata dal nostro team di esperti o da altri del settore. Riteniamo che sia importante per te proteggere la tua propriet\u00e0 intellettuale.<\/p>\n<p>Abbiamo ideato la seguente politica di invio in modo che tu sappia cosa aspettarti da questo processo e che le tue idee possano essere esaminate in modo efficiente. Inviando qualsiasi materiale, confermi l&#8217;accettazione dei termini e delle condizioni della seguente politica di presentazione delle proposte non richieste di COL GROUP. Questa conferma \u00e8 essenziale per poter ricevere e rivedere la tua idea.<\/p>\n<p>COL GROUP accetta solo proposte non riservate. Per proteggere i tuoi diritti di propriet\u00e0 intellettuale, ti consigliamo di presentare una domanda di brevetto prima di presentare la tua proposta. Per ulteriori consigli sull&#8217;opportunit\u00e0 di esprimere una domanda di brevetto e sul valore equo di mercato della tua invenzione, ti preghiamo di considerare di contattare un consulente in brevetti competente.<\/p>\n<p>Inviando qualsiasi materiale, confermi l&#8217;accettazione dei termini e delle condizioni della seguente Politica di presentazione delle proposte non richieste di COL GROUP. Senza tale conferma, non saremo in grado di ricevere e rivedere la tua idea.<\/p>\n<p>Tu, o la tua azienda, avete un&#8217;invenzione che potrebbe essere rivoluzionaria per la trasmissione di energia? o semplicemente una tecnologia, un metodo o un design che potrebbe agevolare lo sviluppo di prodotti di sicurezza o soluzioni per la trasmissione e la distribuzione di energia per i nostri clienti di domani? COL GROUP pu\u00f2 accogliere ed avere interesse per l&#8217;ulteriore sviluppo, se la tua invenzione soddisfa la necessit\u00e0 del portafoglio di prodotti presente o futuro di COL GROUP.<\/p>\n<p>[\/et_pb_text][et_pb_text _builder_version=&#8221;4.14.7&#8243; _module_preset=&#8221;default&#8221; animation_style=&#8221;fade&#8221; animation_direction=&#8221;top&#8221; animation_delay=&#8221;350ms&#8221; hover_enabled=&#8221;0&#8243; global_colors_info=&#8221;{}&#8221; sticky_enabled=&#8221;0&#8243;]<\/p>\n<p class=\"p2\">\n<h3 class=\"p1\" style=\"text-align: center;\"><span class=\"s1\"><b>Vuoi condividere con noi un&#8217;idea innovativa?<\/b><\/span><\/h3>\n<p class=\"p1\"><span class=\"s1\"><\/span><\/p>\n<p class=\"p1\">Grazie per aver pensato a COL GROUP quando si parla di innovazione. Per proteggere i tuoi diritti di propriet\u00e0 intellettuale, ti consigliamo di procedere con una domanda di brevetto prima di presentare la tua proposta. Per ulteriori consigli sull&#8217;opportunit\u00e0 di esprimere una domanda di brevetto e sul valore equo di mercato della tua invenzione, ti consigliamo di contattare un consulente in brevetti. Inviando qualsiasi materiale, confermi l&#8217;accettazione dei termini e delle condizioni della seguente Politica di presentazione delle proposte non richieste di COL GROUP. Senza tale conferma, non saremo in grado di ricevere e rivedere la tua idea.<\/p>\n<p class=\"p2\"><span class=\"s1\"><\/span><\/p>\n<h3 class=\"p1\" style=\"text-align: center;\"><span class=\"s1\"><b>Politica di presentazione di proposte non richieste di COL GROUP<\/b><\/span><\/h3>\n<p class=\"p2\"><span class=\"s1\"><b><\/b><\/span><\/p>\n<p class=\"p3\">\u00c8 la politica di COL Giovanni Paolo SPA. (insieme alle sue affiliate \u201cCOL GROUP\u201d) di accettare proposte solo su base non riservata e di considerare solo proposte gi\u00e0 protette da domanda di brevetto. Ci\u00f2 \u00e8 necessario per evitare potenziali malintesi su invenzioni e brevettabilit\u00e0. Inviando qualsiasi materiale (&#8220;Proposta&#8221;), l&#8217;utente in qualit\u00e0 di mittente (&#8220;Tu&#8221;) accetta i seguenti termini:<\/p>\n<p class=\"p3\">\n<ol>\n<li class=\"p3\"><span class=\"s1\"><b>Nessuna Sollecitazione<\/b>. Confermi la tua decisione di presentare la Proposta e che COL GROUP non ti ha chiesto di presentare la Proposta. Di conseguenza, COL GROUP non ha alcun obbligo di rivedere la Proposta o di fornire feedback all&#8217;Utente.<span class=\"Apple-converted-space\"> <\/span><\/span><\/li>\n<li class=\"p3\"><span class=\"s1\"><b>IPR identificato<\/b>. Confermi che la Proposta identifica tutti i tuoi diritti di propriet\u00e0 intellettuale registrati che sono ad essa pertinenti (&#8220;DPI identificati&#8221;) e che la<span class=\"Apple-converted-space\"> <\/span>Proposta non contiene alcun know-how di propriet\u00e0 o segreto commerciale.<\/span><\/li>\n<li class=\"p3\"><span class=\"s1\"><b>Non Riservatezza della Proposta<\/b>. COL GROUP non desidera ricevere proposte riservate. Pertanto, presentando la Proposta, riconosci e accetti che COL GROUP non ha alcun obbligo di mantenere riservato il materiale da te inviato.<\/span><\/li>\n<li class=\"p3\"><span class=\"s1\"><b>Nessuna partnership o esclusivit\u00e0<\/b>. La tua presentazione della Proposta non crea una partnership o alcun rapporto fiduciario, esclusivo o di altro tipo tra te e COL GROUP. Sei libero di offrire la Proposta a terzi a tua esclusiva discrezione.<\/span><\/li>\n<li class=\"p3\"><span class=\"s1\"><b>Garanzie del mittente<\/b>. Garantisci di essere autorizzato a presentare la Proposta e che la tua presentazione della Proposta non violer\u00e0 i diritti di terzi o qualsiasi legge.<\/span><\/li>\n<li class=\"p3\"><span class=\"s1\"><b>Nessuna licenza, nessuna affermazione, nessun compenso<\/b>. COL GROUP riconosce che in questo momento non stai concedendo una licenza ai sensi di alcun IPR identificato a COL GROUP. Qualsiasi potenziale accordo tra l&#8217;Utente e COL GROUP in merito ai DPI Identificati e qualsiasi potenziale compenso per tali DPI saranno stabiliti in un futuro accordo scritto separato. Accetti di non far valere alcun diritto di propriet\u00e0 intellettuale diverso dai DPI Identificati contro l&#8217;uso da parte di COL GROUP della Proposta e di qualsiasi idea in essa contenuta.<\/span><\/li>\n<li class=\"p3\"><span class=\"s1\"><b>Ringraziamenti del mittente<\/b>. Riconosci e accetti che COL GROUP (a) potrebbe essere gi\u00e0 a conoscenza della Proposta o potrebbe aver gi\u00e0 sviluppato idee simili; (b) si riserva il diritto di contestare la validit\u00e0, la violazione o l&#8217;applicabilit\u00e0 di qualsiasi diritto di propriet\u00e0 intellettuale, inclusi i diritti di propriet\u00e0 intellettuale identificati dall&#8217;utente; (c) fatta eccezione per i DPI Identificati, avr\u00e0 il diritto illimitato di utilizzare e divulgare, senza dovere a Lei alcun compenso, la Proposta; e (d) possono creare da soli o ottenere ulteriori idee e invenzioni che possono essere simili o identiche ai materiali inviati dall&#8217;Utente.<\/span><\/li>\n<li class=\"p3\"><span class=\"s1\"><b>Presentazioni future<\/b>. Accetti che i termini di questa politica di invio si applicheranno anche ai tuoi futuri invii correlati, sia effettuati utilizzando questo modulo che tramite un altro canale.<\/span><\/li>\n<\/ol>\n<p>[\/et_pb_text][\/et_pb_column][\/et_pb_row][\/et_pb_section][et_pb_section fb_built=&#8221;1&#8243; _builder_version=&#8221;4.14.1&#8243; _module_preset=&#8221;default&#8221; custom_padding=&#8221;0px||0px||false|false&#8221; global_colors_info=&#8221;{}&#8221; da_is_popup=&#8221;off&#8221; da_exit_intent=&#8221;off&#8221; da_has_close=&#8221;on&#8221; da_alt_close=&#8221;off&#8221; da_dark_close=&#8221;off&#8221; da_not_modal=&#8221;on&#8221; da_is_singular=&#8221;off&#8221; da_with_loader=&#8221;off&#8221; da_has_shadow=&#8221;on&#8221; da_disable_devices=&#8221;off|off|off&#8221;][et_pb_row _builder_version=&#8221;4.14.1&#8243; _module_preset=&#8221;default&#8221; width=&#8221;70%&#8221; animation_style=&#8221;fade&#8221; animation_direction=&#8221;bottom&#8221; global_colors_info=&#8221;{}&#8221;][et_pb_column type=&#8221;4_4&#8243; _builder_version=&#8221;4.14.1&#8243; _module_preset=&#8221;default&#8221; global_colors_info=&#8221;{}&#8221;][et_pb_text _builder_version=&#8221;4.14.7&#8243; _module_preset=&#8221;default&#8221; hover_enabled=&#8221;0&#8243; global_colors_info=&#8221;{}&#8221; sticky_enabled=&#8221;0&#8243;]<\/p>\n<h3 class=\"p3\" style=\"text-align: center;\"><span class=\"s1\"><b>Modulo di presentazione<\/b><\/span><\/h3>\n<p class=\"p3\" style=\"text-align: center;\"><span class=\"s1\">Se d&#8217;accordo con i termini della politica di presentazione di proposte non richieste di cui sopra, <\/span><span class=\"s1\">inviaci la tua idea brevettata compilando il modulo di contatto sottostante, confermando la tua <\/span><span class=\"s1\">accettazione e facendo clic sul pulsante di invio.<\/span><\/p>\n<h4 class=\"p3\" style=\"text-align: center;\"><span class=\"s1\"><b>Invio di proposte non richieste<\/b><\/span><\/h4>\n<p class=\"p3\" style=\"text-align: center;\"><span class=\"s1\">Compila il modulo sottostante per inviarci la tua idea o innovazione brevettata in <\/span><span class=\"s1\">conformit\u00e0 con la politica di invio di cui sopra.<\/span><\/p>\n<p>[\/et_pb_text][et_pb_contact_form _builder_version=&#8221;4.14.1&#8243; _module_preset=&#8221;default&#8221; _unique_id=&#8221;92619c95-d4cd-4800-ac10-c61d7c49d2a6&#8243; global_colors_info=&#8221;{}&#8221;][et_pb_contact_field field_id=&#8221;Name&#8221; field_title=&#8221;Nome&#8221; _builder_version=&#8221;4.14.1&#8243; global_colors_info=&#8221;{}&#8221; button_text_size__hover_enabled=&#8221;off&#8221; button_one_text_size__hover_enabled=&#8221;off&#8221; button_two_text_size__hover_enabled=&#8221;off&#8221; button_text_color__hover_enabled=&#8221;off&#8221; button_one_text_color__hover_enabled=&#8221;off&#8221; button_two_text_color__hover_enabled=&#8221;off&#8221; button_border_width__hover_enabled=&#8221;off&#8221; button_one_border_width__hover_enabled=&#8221;off&#8221; button_two_border_width__hover_enabled=&#8221;off&#8221; button_border_color__hover_enabled=&#8221;off&#8221; button_one_border_color__hover_enabled=&#8221;off&#8221; button_two_border_color__hover_enabled=&#8221;off&#8221; button_border_radius__hover_enabled=&#8221;off&#8221; button_one_border_radius__hover_enabled=&#8221;off&#8221; button_two_border_radius__hover_enabled=&#8221;off&#8221; button_letter_spacing__hover_enabled=&#8221;off&#8221; button_one_letter_spacing__hover_enabled=&#8221;off&#8221; button_two_letter_spacing__hover_enabled=&#8221;off&#8221; button_bg_color__hover_enabled=&#8221;off&#8221; button_one_bg_color__hover_enabled=&#8221;off&#8221; button_two_bg_color__hover_enabled=&#8221;off&#8221;][\/et_pb_contact_field][et_pb_contact_field field_id=&#8221;Surname&#8221; field_title=&#8221;Cognome&#8221; _builder_version=&#8221;4.14.1&#8243; global_colors_info=&#8221;{}&#8221; button_text_size__hover_enabled=&#8221;off&#8221; button_one_text_size__hover_enabled=&#8221;off&#8221; button_two_text_size__hover_enabled=&#8221;off&#8221; button_text_color__hover_enabled=&#8221;off&#8221; button_one_text_color__hover_enabled=&#8221;off&#8221; button_two_text_color__hover_enabled=&#8221;off&#8221; button_border_width__hover_enabled=&#8221;off&#8221; button_one_border_width__hover_enabled=&#8221;off&#8221; button_two_border_width__hover_enabled=&#8221;off&#8221; button_border_color__hover_enabled=&#8221;off&#8221; button_one_border_color__hover_enabled=&#8221;off&#8221; button_two_border_color__hover_enabled=&#8221;off&#8221; button_border_radius__hover_enabled=&#8221;off&#8221; button_one_border_radius__hover_enabled=&#8221;off&#8221; button_two_border_radius__hover_enabled=&#8221;off&#8221; button_letter_spacing__hover_enabled=&#8221;off&#8221; button_one_letter_spacing__hover_enabled=&#8221;off&#8221; button_two_letter_spacing__hover_enabled=&#8221;off&#8221; button_bg_color__hover_enabled=&#8221;off&#8221; button_one_bg_color__hover_enabled=&#8221;off&#8221; button_two_bg_color__hover_enabled=&#8221;off&#8221;][\/et_pb_contact_field][et_pb_contact_field field_id=&#8221;Email&#8221; field_title=&#8221;Indirizzo e-mail&#8221; field_type=&#8221;email&#8221; fullwidth_field=&#8221;on&#8221; _builder_version=&#8221;4.14.1&#8243; global_colors_info=&#8221;{}&#8221; button_text_size__hover_enabled=&#8221;off&#8221; button_one_text_size__hover_enabled=&#8221;off&#8221; button_two_text_size__hover_enabled=&#8221;off&#8221; button_text_color__hover_enabled=&#8221;off&#8221; button_one_text_color__hover_enabled=&#8221;off&#8221; button_two_text_color__hover_enabled=&#8221;off&#8221; button_border_width__hover_enabled=&#8221;off&#8221; button_one_border_width__hover_enabled=&#8221;off&#8221; button_two_border_width__hover_enabled=&#8221;off&#8221; button_border_color__hover_enabled=&#8221;off&#8221; button_one_border_color__hover_enabled=&#8221;off&#8221; button_two_border_color__hover_enabled=&#8221;off&#8221; button_border_radius__hover_enabled=&#8221;off&#8221; button_one_border_radius__hover_enabled=&#8221;off&#8221; button_two_border_radius__hover_enabled=&#8221;off&#8221; button_letter_spacing__hover_enabled=&#8221;off&#8221; button_one_letter_spacing__hover_enabled=&#8221;off&#8221; button_two_letter_spacing__hover_enabled=&#8221;off&#8221; button_bg_color__hover_enabled=&#8221;off&#8221; button_one_bg_color__hover_enabled=&#8221;off&#8221; button_two_bg_color__hover_enabled=&#8221;off&#8221;][\/et_pb_contact_field][et_pb_contact_field field_id=&#8221;patent&#8221; field_title=&#8221;Patent application number&#8221; _builder_version=&#8221;4.14.1&#8243; global_colors_info=&#8221;{}&#8221; button_text_size__hover_enabled=&#8221;off&#8221; button_one_text_size__hover_enabled=&#8221;off&#8221; button_two_text_size__hover_enabled=&#8221;off&#8221; button_text_color__hover_enabled=&#8221;off&#8221; button_one_text_color__hover_enabled=&#8221;off&#8221; button_two_text_color__hover_enabled=&#8221;off&#8221; button_border_width__hover_enabled=&#8221;off&#8221; button_one_border_width__hover_enabled=&#8221;off&#8221; button_two_border_width__hover_enabled=&#8221;off&#8221; button_border_color__hover_enabled=&#8221;off&#8221; button_one_border_color__hover_enabled=&#8221;off&#8221; button_two_border_color__hover_enabled=&#8221;off&#8221; button_border_radius__hover_enabled=&#8221;off&#8221; button_one_border_radius__hover_enabled=&#8221;off&#8221; button_two_border_radius__hover_enabled=&#8221;off&#8221; button_letter_spacing__hover_enabled=&#8221;off&#8221; button_one_letter_spacing__hover_enabled=&#8221;off&#8221; button_two_letter_spacing__hover_enabled=&#8221;off&#8221; button_bg_color__hover_enabled=&#8221;off&#8221; button_one_bg_color__hover_enabled=&#8221;off&#8221; button_two_bg_color__hover_enabled=&#8221;off&#8221;][\/et_pb_contact_field][et_pb_contact_field field_id=&#8221;date&#8221; field_title=&#8221;Patent filling date&#8221; _builder_version=&#8221;4.14.1&#8243; global_colors_info=&#8221;{}&#8221; button_text_size__hover_enabled=&#8221;off&#8221; button_one_text_size__hover_enabled=&#8221;off&#8221; button_two_text_size__hover_enabled=&#8221;off&#8221; button_text_color__hover_enabled=&#8221;off&#8221; button_one_text_color__hover_enabled=&#8221;off&#8221; button_two_text_color__hover_enabled=&#8221;off&#8221; button_border_width__hover_enabled=&#8221;off&#8221; button_one_border_width__hover_enabled=&#8221;off&#8221; button_two_border_width__hover_enabled=&#8221;off&#8221; button_border_color__hover_enabled=&#8221;off&#8221; button_one_border_color__hover_enabled=&#8221;off&#8221; button_two_border_color__hover_enabled=&#8221;off&#8221; button_border_radius__hover_enabled=&#8221;off&#8221; button_one_border_radius__hover_enabled=&#8221;off&#8221; button_two_border_radius__hover_enabled=&#8221;off&#8221; button_letter_spacing__hover_enabled=&#8221;off&#8221; button_one_letter_spacing__hover_enabled=&#8221;off&#8221; button_two_letter_spacing__hover_enabled=&#8221;off&#8221; button_bg_color__hover_enabled=&#8221;off&#8221; button_one_bg_color__hover_enabled=&#8221;off&#8221; button_two_bg_color__hover_enabled=&#8221;off&#8221;][\/et_pb_contact_field][et_pb_contact_field field_id=&#8221;Message&#8221; field_title=&#8221;Additional Information&#8221; field_type=&#8221;text&#8221; fullwidth_field=&#8221;on&#8221; _builder_version=&#8221;4.14.1&#8243; global_colors_info=&#8221;{}&#8221; button_text_size__hover_enabled=&#8221;off&#8221; button_one_text_size__hover_enabled=&#8221;off&#8221; button_two_text_size__hover_enabled=&#8221;off&#8221; button_text_color__hover_enabled=&#8221;off&#8221; button_one_text_color__hover_enabled=&#8221;off&#8221; button_two_text_color__hover_enabled=&#8221;off&#8221; button_border_width__hover_enabled=&#8221;off&#8221; button_one_border_width__hover_enabled=&#8221;off&#8221; button_two_border_width__hover_enabled=&#8221;off&#8221; button_border_color__hover_enabled=&#8221;off&#8221; button_one_border_color__hover_enabled=&#8221;off&#8221; button_two_border_color__hover_enabled=&#8221;off&#8221; button_border_radius__hover_enabled=&#8221;off&#8221; button_one_border_radius__hover_enabled=&#8221;off&#8221; button_two_border_radius__hover_enabled=&#8221;off&#8221; button_letter_spacing__hover_enabled=&#8221;off&#8221; button_one_letter_spacing__hover_enabled=&#8221;off&#8221; button_two_letter_spacing__hover_enabled=&#8221;off&#8221; button_bg_color__hover_enabled=&#8221;off&#8221; button_one_bg_color__hover_enabled=&#8221;off&#8221; button_two_bg_color__hover_enabled=&#8221;off&#8221;][\/et_pb_contact_field][\/et_pb_contact_form][\/et_pb_column][\/et_pb_row][et_pb_row _builder_version=&#8221;4.14.1&#8243; _module_preset=&#8221;default&#8221; global_colors_info=&#8221;{}&#8221;][et_pb_column type=&#8221;4_4&#8243; _builder_version=&#8221;4.14.1&#8243; _module_preset=&#8221;default&#8221; global_colors_info=&#8221;{}&#8221;][et_pb_divider show_divider=&#8221;off&#8221; _builder_version=&#8221;4.14.1&#8243; _module_preset=&#8221;default&#8221; custom_margin=&#8221;2vw||2vw||true|false&#8221; global_colors_info=&#8221;{}&#8221;][\/et_pb_divider][\/et_pb_column][\/et_pb_row][\/et_pb_section]<\/p>\n","protected":false},"excerpt":{"rendered":"<p>Grazie per aver pensato a COL GROUP quando si parla di innovazione. Anche se impieghiamo un numero significativo di ingegneri nell\u2019area sviluppo che sono ben formati ed esperti nella sicurezza energetica e nella trasmissione e distribuzione, diamo sempre il benvenuto a nuove idee e tecnologie. Come ci si potrebbe aspettare, riceviamo molte proposte ogni anno. [&hellip;]<\/p>\n","protected":false},"author":2,"featured_media":0,"parent":0,"menu_order":0,"comment_status":"closed","ping_status":"closed","template":"","meta":{"_et_pb_use_builder":"on","_et_pb_old_content":"","_et_gb_content_width":"","footnotes":""},"class_list":["post-1886","page","type-page","status-publish","hentry"],"_links":{"self":[{"href":"https:\/\/colgp.it\/it\/wp-json\/wp\/v2\/pages\/1886","targetHints":{"allow":["GET"]}}],"collection":[{"href":"https:\/\/colgp.it\/it\/wp-json\/wp\/v2\/pages"}],"about":[{"href":"https:\/\/colgp.it\/it\/wp-json\/wp\/v2\/types\/page"}],"author":[{"embeddable":true,"href":"https:\/\/colgp.it\/it\/wp-json\/wp\/v2\/users\/2"}],"replies":[{"embeddable":true,"href":"https:\/\/colgp.it\/it\/wp-json\/wp\/v2\/comments?post=1886"}],"version-history":[{"count":4,"href":"https:\/\/colgp.it\/it\/wp-json\/wp\/v2\/pages\/1886\/revisions"}],"predecessor-version":[{"id":2057,"href":"https:\/\/colgp.it\/it\/wp-json\/wp\/v2\/pages\/1886\/revisions\/2057"}],"wp:attachment":[{"href":"https:\/\/colgp.it\/it\/wp-json\/wp\/v2\/media?parent=1886"}],"curies":[{"name":"wp","href":"https:\/\/api.w.org\/{rel}","templated":true}]}}